{"id":16,"date":"2022-09-07T16:57:13","date_gmt":"2022-09-07T14:57:13","guid":{"rendered":"https:\/\/ideance.net\/blog\/?page_id=16"},"modified":"2024-12-16T09:45:32","modified_gmt":"2024-12-16T08:45:32","slug":"accessibilite-et-conformite-au-rgaa","status":"publish","type":"page","link":"https:\/\/ideance.net\/blog\/accessibilite-et-conformite-au-rgaa\/","title":{"rendered":"Accessibilit\u00e9 &#8211; Site conforme au RGAA"},"content":{"rendered":"<p>Cette page n\u2019est pas une page d\u2019aide.<\/p>\n<p class=\"ice-block is-chapo\">Elle vise \u00e0 d\u00e9finir ce qu&rsquo;est l&rsquo;accessibilit\u00e9 num\u00e9rique puis \u00e0 pr\u00e9senter le niveau de conformit\u00e9 de ce pr\u00e9sent blog \u00e0 la r\u00e9glementation et aux r\u00e9f\u00e9rentiels en vigueur.<\/p>\n<p>Pour obtenir de l\u2019aide sur l\u2019utilisation du blog, rendez-vous sur la page \u00ab&nbsp;<a href=\"https:\/\/ideance.net\/blog\/aide-a-la-navigation\/\">Aide \u00e0 la navigation<\/a>&nbsp;\u00bb.<\/p>\n<h2>Qu\u2019est-ce que l\u2019accessibilit\u00e9 num\u00e9rique&nbsp;?<\/h2>\n<p>L\u2019accessibilit\u00e9 num\u00e9rique est un ensemble de r\u00e8gles et de bonnes pratiques qui couvrent notamment les aspects fonctionnels, graphiques, techniques et \u00e9ditoriaux.<\/p>\n<p>Le suivi de ces r\u00e8gles et bonnes pratiques permet de s\u2019assurer que les supports num\u00e9riques (sites web, applications mobiles, documents PDF, etc.) sont <strong>accessibles aux personnes handicap\u00e9es<\/strong>.<\/p>\n<p>Un site accessible permet par exemple de&nbsp;:<\/p>\n<ul>\n<li>Personnaliser son affichage via le syst\u00e8me d\u2019exploitation et\/ou le navigateur (agrandissement ou r\u00e9tr\u00e9cissement des caract\u00e8res, changement de la typographie, modification des couleurs, arr\u00eat des animations, etc.).<\/li>\n<li>Naviguer \u00e0 l\u2019aide de technologies d\u2019assistance comme une synth\u00e8se vocale ou une plage braille.<\/li>\n<li>Naviguer sans utiliser la souris, avec le clavier uniquement, des contacteurs ou via un \u00e9cran tactile.<\/li>\n<li>Consulter les vid\u00e9os et les contenus audio \u00e0 l\u2019aide de sous-titres et\/ou de transcriptions.<\/li>\n<li>Etc.<\/li>\n<\/ul>\n<h2>D\u00e9claration de conformit\u00e9 au RGAA<\/h2>\n<h3>Identit\u00e9 du d\u00e9clarant<\/h3>\n<p><strong>Ideance<\/strong><br \/>23 rue des Sources<br \/>76160 Saint-L\u00e9ger-du-Bourg-Denis, France.<\/p>\n<h3>\u00c9tat de conformit\u00e9 et r\u00e9sultats des tests<\/h3>\n<p>Le blog est totalement conforme aux crit\u00e8res du R\u00e9f\u00e9rentiel G\u00e9n\u00e9ral d\u2019Am\u00e9lioration de l\u2019Accessibilit\u00e9 (RGAA) 4.1.2.<\/p>\n<p>Les tests ont \u00e9t\u00e9 r\u00e9alis\u00e9s en interne avec la <a href=\"https:\/\/accessibilite.numerique.gouv.fr\/\">version 4.1.2 du RGAA<\/a>.<\/p>\n<h3>\u00c9tablissement de cette d\u00e9claration de conformit\u00e9<\/h3>\n<p>Cette d\u00e9claration a \u00e9t\u00e9 \u00e9tablie le 3 d\u00e9cembre 2024.<\/p>\n<h3>Technologies utilis\u00e9es pour la r\u00e9alisation du blog<\/h3>\n<ul>\n<li>WordPress<\/li>\n<li>HTML5<\/li>\n<li>CSS<\/li>\n<li>JavaScript<\/li>\n<\/ul>\n<h3>Environnement de test<\/h3>\n<p>Les tests des pages du blog ont \u00e9t\u00e9 effectu\u00e9s avec les combinaisons de navigateurs web et lecteurs d\u2019\u00e9cran suivants&nbsp;:<\/p>\n<ul>\n<li>Edge 131 et JAWS 2024 (Windows 11)<\/li>\n<li>Firefox 133 et NVDA 2024.4.1 (Windows 11)<\/li>\n<li>Safari 18.1.1 et VoiceOver (macOS 15.1.1)<\/li>\n<li>Safari et VoiceOver (iOS 18.1.1)<\/li>\n<\/ul>\n<h3>Pages du blog ayant fait l\u2019objet de la v\u00e9rification de conformit\u00e9<\/h3>\n<ul>\n<li><a href=\"https:\/\/ideance.net\/blog\/\">Accueil<\/a><\/li>\n<li><a href=\"https:\/\/ideance.net\/blog\/aide-a-la-navigation\/\">Aide \u00e0 la navigation<\/a><\/li>\n<li><a href=\"https:\/\/ideance.net\/blog\/mentions-legales-protection-donnees-personnelles\/\">Mentions l\u00e9gales et protection des donn\u00e9es personnelles<\/a><\/li>\n<li><a href=\"https:\/\/ideance.net\/blog\/205\/lancement-blog-ideance\/\">Page d&rsquo;un billet (Lancement du blog d\u2019Ideance)<\/a><\/li>\n<li><a href=\"https:\/\/ideance.net\/blog\/categories\/\">Les cat\u00e9gories<\/a><\/li>\n<li><a href=\"https:\/\/ideance.net\/blog\/category\/ideance\/\">Page d&rsquo;une cat\u00e9gorie (Ideance)<\/a><\/li>\n<li><a href=\"https:\/\/ideance.net\/blog\/author\/johan-ramon\/\">Page d&rsquo;une autrice \/ d&rsquo;un auteur (Johan Ramon)<\/a><\/li>\n<li>Page d&rsquo;erreur 404<\/li>\n<li>Accessibilit\u00e9 &#8211; Site conforme au RGAA (cette page)<\/li>\n<\/ul>\n<h2>Retour d\u2019information et contact<\/h2>\n<p>Si vous n\u2019arrivez pas \u00e0 acc\u00e9der \u00e0 un contenu ou \u00e0 un service de ce blog, vous pouvez nous contacter via un des moyens ci-apr\u00e8s pour \u00eatre orient\u00e9 vers une alternative accessible ou obtenir le contenu sous une autre forme.<\/p>\n<ul>\n<li><strong>Par email&nbsp;<\/strong>: en nous \u00e9crivant \u00e0 l\u2019adresse suivante&nbsp;: <a href=\"mailto:contact@ideance.fr\">contact@ideance.fr<\/a>.<\/li>\n<li><strong>Par t\u00e9l\u00e9phone&nbsp;<\/strong>: en nous appelant au <a href=\"tel:+33278775982\">+33&nbsp;(0)2&nbsp;78&nbsp;77&nbsp;59&nbsp;82<\/a>. Ce num\u00e9ro est disponible du lundi au vendredi, de 09h00 \u00e0 18h00.<\/li>\n<li><strong>Par voie postale&nbsp;<\/strong>: en nous \u00e9crivant \u00e0 l\u2019adresse suivante&nbsp;:<br \/>Ideance, 23 rue des Sources, 76160 Saint-L\u00e9ger-du-Bourg-Denis, France.<\/li>\n<\/ul>\n<h2>Voies de recours<\/h2>\n<ol>\n<li>Vous avez rencontr\u00e9 sur ce site web un ou plusieurs probl\u00e8me(s) d&rsquo;accessibilit\u00e9.<\/li>\n<li>Vous nous avez contact\u00e9 pour nous en informer.<\/li>\n<li>Vous n&rsquo;avez pas re\u00e7u de r\u00e9ponse satisfaisante.<\/li>\n<\/ol>\n<p>Alors vous avez la possibilit\u00e9 de saisir le D\u00e9fenseur des droits :<\/p>\n<ul>\n<li>Soit en contactant le d\u00e9l\u00e9gu\u00e9 de votre r\u00e9gion en passant par l&rsquo;<a href=\"https:\/\/www.defenseurdesdroits.fr\/carte-des-delegues\">annuaire des d\u00e9l\u00e9gu\u00e9s du D\u00e9fenseur des droits<\/a>.<\/li>\n<li>Soit en remplissant le <a href=\"https:\/\/formulaire.defenseurdesdroits.fr\/formulaire_saisine\/\">formulaire de r\u00e9clamation du D\u00e9fenseur des droits<\/a> en choisissant les th\u00e9matiques \u00ab\u00a0Je suis victime de discrimination\u00a0\u00bb puis \u00ab\u00a0Biens et services priv\u00e9s\u00a0\u00bb et enfin \u00ab\u00a0Handicap\u00a0\u00bb.<\/li>\n<li>\nSoit en envoyant un courrier gratuit (sans mettre de timbre) par la poste \u00e0 l&rsquo;adresse suivante :<br \/>\nD\u00e9fenseur des droits<br \/>\nLibre r\u00e9ponse 71120<br \/>\n75342 Paris CEDEX 07\n<\/li>\n<\/ul>\n","protected":false},"excerpt":{"rendered":"<p>Cette page n\u2019est pas une page d\u2019aide. Elle vise \u00e0 d\u00e9finir ce qu&rsquo;est l&rsquo;accessibilit\u00e9 num\u00e9rique puis \u00e0 pr\u00e9senter le niveau de conformit\u00e9 de ce pr\u00e9sent blog \u00e0 la r\u00e9glementation et aux r\u00e9f\u00e9rentiels en vigueur. Pour obtenir de l\u2019aide sur l\u2019utilisation du blog, rendez-vous sur la page \u00ab&nbsp;Aide \u00e0 la navigation&nbsp;\u00bb. Qu\u2019est-ce que l\u2019accessibilit\u00e9 num\u00e9rique&nbsp;? L\u2019accessibilit\u00e9&hellip;<\/p>\n","protected":false},"author":3,"featured_media":0,"parent":0,"menu_order":0,"comment_status":"closed","ping_status":"closed","template":"","meta":{"_acf_changed":false,"footnotes":""},"class_list":["post-16","page","type-page","status-publish","hentry"],"acf":[],"_links":{"self":[{"href":"https:\/\/ideance.net\/blog\/wp-json\/wp\/v2\/pages\/16","targetHints":{"allow":["GET"]}}],"collection":[{"href":"https:\/\/ideance.net\/blog\/wp-json\/wp\/v2\/pages"}],"about":[{"href":"https:\/\/ideance.net\/blog\/wp-json\/wp\/v2\/types\/page"}],"author":[{"embeddable":true,"href":"https:\/\/ideance.net\/blog\/wp-json\/wp\/v2\/users\/3"}],"replies":[{"embeddable":true,"href":"https:\/\/ideance.net\/blog\/wp-json\/wp\/v2\/comments?post=16"}],"version-history":[{"count":33,"href":"https:\/\/ideance.net\/blog\/wp-json\/wp\/v2\/pages\/16\/revisions"}],"predecessor-version":[{"id":3302,"href":"https:\/\/ideance.net\/blog\/wp-json\/wp\/v2\/pages\/16\/revisions\/3302"}],"wp:attachment":[{"href":"https:\/\/ideance.net\/blog\/wp-json\/wp\/v2\/media?parent=16"}],"curies":[{"name":"wp","href":"https:\/\/api.w.org\/{rel}","templated":true}]}}